{"id":8669,"date":"2026-04-15T08:17:00","date_gmt":"2026-04-15T08:17:00","guid":{"rendered":"https:\/\/josemolinachef.com\/declaracion-de-accesibilidad\/"},"modified":"2026-04-15T11:06:50","modified_gmt":"2026-04-15T11:06:50","slug":"declaracion-de-accesibilidad","status":"publish","type":"page","link":"https:\/\/josemolinachef.com\/es\/declaracion-de-accesibilidad\/","title":{"rendered":"Declaraci\u00f3n de accesibilidad"},"content":{"rendered":"\n<p>La presente declaraci\u00f3n de accesibilidad se aplica al sitio web josemolinachef.com<\/p>\n\n<p>SITUACI\u00d3N DE CUMPLIMIENTO Este sitio web es parcialmente conforme con el RD 1112\/2018 debido a las excepciones y a la falta de conformidad de los aspectos que se indican en el siguiente punto.<\/p>\n\n<p>PREPARACI\u00d3N DE LA SIGUIENTE DECLARACI\u00d3N DE ACCESIBILIDAD La presente declaraci\u00f3n fue preparada el 10 de febrero de 2023. El m\u00e9todo empleado para preparar la declaraci\u00f3n ha sido una autoevaluaci\u00f3n llevada a cabo por la propia empresa. <\/p>\n\n<p>OBSERVACIONES Y DATOS DE CONTACTO Puede realizar comunicaciones sobre requisitos de accesibilidad (art\u00edculo 10.2.a del RD 1112\/2018) como, por ejemplo:<\/p>\n\n<ul class=\"wp-block-list\">\n<li>Informar sobre cualquier posible incumplimiento por parte de este sitio web.<\/li>\n\n\n\n<li>Transmitir otras dificultades de acceso al contenido.<\/li>\n\n\n\n<li>Formular cualquier otra consulta o sugerencia de mejora relativa a la accesibilidad del sitio web a trav\u00e9s del email de contacto hello@josemolinachef.com<\/li>\n<\/ul>\n\n<p><strong>\u00bfQU\u00c9 DATOS PERSONALES RECOPILAMOS?<\/strong> Queja relativa al cumplimiento de los requisitos del RD 1112\/2018<br \/>Solicitud de Informaci\u00f3n accesible relativa a: <\/p>\n\n<ul class=\"wp-block-list\">\n<li>Contenidos que est\u00e1n excluidos del \u00e1mbito de aplicaci\u00f3n del RD 1112\/2018 seg\u00fan lo establecido por el art\u00edculo 3, apartado 4.<\/li>\n\n\n\n<li>Contenidos que est\u00e1n exentos del cumplimiento de los requisitos de accesibilidad por imponer una carga desproporcionada.<\/li>\n<\/ul>\n\n<p>En la Solicitud de informaci\u00f3n accesible, se debe concretar, con toda claridad, los hechos, razones y petici\u00f3n que permitan constatar que se trata de una solicitud razonable y leg\u00edtima.<\/p>\n\n<p>Las quejas y reclamaciones sobre informaci\u00f3n accesible se realizar\u00e1n a trav\u00e9s del email anterior.<\/p>\n\n<p>PROCEDIMIENTO DE APLICACI\u00d3N Si una vez realizada una solicitud de informaci\u00f3n accesible o queja, \u00e9sta hubiera sido desestimada, no se estuviera de acuerdo con la decisi\u00f3n adoptada, o la respuesta no cumpliera los requisitos contemplados en el art\u00edculo 12.5, la persona interesada podr\u00e1 iniciar una reclamaci\u00f3n.<\/p>\n\n<p>Igualmente se podr\u00e1 iniciar una reclamaci\u00f3n en el caso de que haya transcurrido el plazo de veinte d\u00edas h\u00e1biles sin haber obtenido respuesta.<\/p>\n","protected":false},"excerpt":{"rendered":"<p>La presente declaraci\u00f3n de accesibilidad se aplica al sitio web josemolinachef.com SITUACI\u00d3N DE&hellip;<\/p>\n","protected":false},"author":6,"featured_media":0,"parent":0,"menu_order":0,"comment_status":"closed","ping_status":"closed","template":"","meta":{"footnotes":""},"class_list":["post-8669","page","type-page","status-publish","hentry"],"_links":{"self":[{"href":"https:\/\/josemolinachef.com\/es\/wp-json\/wp\/v2\/pages\/8669","targetHints":{"allow":["GET"]}}],"collection":[{"href":"https:\/\/josemolinachef.com\/es\/wp-json\/wp\/v2\/pages"}],"about":[{"href":"https:\/\/josemolinachef.com\/es\/wp-json\/wp\/v2\/types\/page"}],"author":[{"embeddable":true,"href":"https:\/\/josemolinachef.com\/es\/wp-json\/wp\/v2\/users\/6"}],"replies":[{"embeddable":true,"href":"https:\/\/josemolinachef.com\/es\/wp-json\/wp\/v2\/comments?post=8669"}],"version-history":[{"count":2,"href":"https:\/\/josemolinachef.com\/es\/wp-json\/wp\/v2\/pages\/8669\/revisions"}],"predecessor-version":[{"id":8671,"href":"https:\/\/josemolinachef.com\/es\/wp-json\/wp\/v2\/pages\/8669\/revisions\/8671"}],"wp:attachment":[{"href":"https:\/\/josemolinachef.com\/es\/wp-json\/wp\/v2\/media?parent=8669"}],"curies":[{"name":"wp","href":"https:\/\/api.w.org\/{rel}","templated":true}]}}