{"id":8513,"date":"2025-10-10T12:54:16","date_gmt":"2025-10-10T12:54:16","guid":{"rendered":"https:\/\/josemolinachef.com\/conoceme\/"},"modified":"2026-03-25T20:27:27","modified_gmt":"2026-03-25T20:27:27","slug":"conoceme","status":"publish","type":"page","link":"https:\/\/josemolinachef.com\/es\/conoceme\/","title":{"rendered":"Con\u00f3ceme"},"content":{"rendered":"\t\t<div data-elementor-type=\"wp-page\" data-elementor-id=\"8513\" class=\"elementor elementor-8513 elementor-5639\" data-elementor-post-type=\"page\">\n\t\t\t\t<div class=\"e-con-gap-no elementor-element elementor-element-b7a28df e-con-full e-flex sc_layouts_column_icons_position_left jltma-glass-effect-no e-con e-parent\" data-id=\"b7a28df\" data-element_type=\"container\" data-e-type=\"container\" data-settings=\"{&quot;background_background&quot;:&quot;classic&quot;}\">\n\t\t<div class=\"elementor-element elementor-element-9ff9d50 e-con-full e-flex sc_layouts_column_icons_position_left jltma-glass-effect-no e-con e-child\" data-id=\"9ff9d50\" data-element_type=\"container\" data-e-type=\"container\">\n\t\t<div class=\"e-con-gap-no elementor-element elementor-element-a083938 e-con-full hide_bg_image_on_mobile elementor-hidden-mobile sc_layouts_hide_on_mobile e-flex sc_layouts_column_icons_position_left jltma-glass-effect-no animation_type_block elementor-invisible e-con e-child\" data-animation-type=\"block\" data-id=\"a083938\" data-element_type=\"container\" data-e-type=\"container\" data-settings=\"{&quot;animation&quot;:&quot;ta_fadein&quot;,&quot;background_background&quot;:&quot;classic&quot;}\">\n\t\t\t\t<\/div>\n\t\t<div data-animation-type=\"block\" class=\"elementor-element elementor-element-797bbb0 e-con-full e-flex sc_layouts_column_icons_position_left jltma-glass-effect-no animation_type_block elementor-invisible e-con e-child\" data-id=\"797bbb0\" data-element_type=\"container\" data-e-type=\"container\" data-settings=\"{&quot;animation&quot;:&quot;ta_fadeinup&quot;,&quot;animation_delay&quot;:200}\">\n\t\t\t\t<div class=\"elementor-element elementor-element-6ca752e jltma-glass-effect-no sc_fly_static elementor-widget elementor-widget-heading\" data-id=\"6ca752e\" data-element_type=\"widget\" data-e-type=\"widget\" data-widget_type=\"heading.default\">\n\t\t\t\t\t<h6 class=\"elementor-heading-title elementor-size-default\">La persona detr\u00e1s de la cocina<\/h6>\t\t\t\t<\/div>\n\t\t\t\t<div data-animation-type=\"char\" data-animation-stagger=\"10\" class=\"elementor-element elementor-element-5808914 elementor-widget__width-initial animation_type_char jltma-glass-effect-no sc_fly_static elementor-invisible elementor-widget elementor-widget-heading\" data-id=\"5808914\" data-element_type=\"widget\" data-e-type=\"widget\" data-settings=\"{&quot;_animation&quot;:&quot;ta_fadeinup&quot;,&quot;_animation_delay&quot;:100}\" data-widget_type=\"heading.default\">\n\t\t\t\t\t<h1 class=\"elementor-heading-title elementor-size-default\">Con\u00f3ceme<\/h1>\t\t\t\t<\/div>\n\t\t\t\t<div class=\"elementor-element elementor-element-14fa58a elementor-widget__width-initial jltma-glass-effect-no sc_fly_static elementor-widget elementor-widget-heading\" data-id=\"14fa58a\" data-element_type=\"widget\" data-e-type=\"widget\" data-widget_type=\"heading.default\">\n\t\t\t\t\t<h2 class=\"elementor-heading-title elementor-size-default\">Cocinar para hacer felices a los dem\u00e1s<\/h2>\t\t\t\t<\/div>\n\t\t\t\t<div class=\"elementor-element elementor-element-154b01e elementor-widget__width-initial jltma-glass-effect-no sc_fly_static elementor-widget elementor-widget-text-editor\" data-id=\"154b01e\" data-element_type=\"widget\" data-e-type=\"widget\" data-widget_type=\"text-editor.default\">\n\t\t\t\t\t\t\t\t\t<p data-start=\"202\" data-end=\"339\">Soy un chef profesional con m\u00e1s de 25 a\u00f1os de experiencia, combinando cocina internacional, t\u00e9cnica refinada y pasi\u00f3n por la ense\u00f1anza.<\/p>\t\t\t\t\t\t\t\t<\/div>\n\t\t\t\t<div data-animation-type=\"block\" class=\"elementor-element elementor-element-43f7b12 jltma-glass-effect-no animation_type_block sc_fly_static elementor-invisible elementor-widget elementor-widget-button\" data-id=\"43f7b12\" data-element_type=\"widget\" data-e-type=\"widget\" data-settings=\"{&quot;_animation&quot;:&quot;ta_fadeinup&quot;,&quot;_animation_delay&quot;:300}\" data-widget_type=\"button.default\">\n\t\t\t\t\t\t\t\t\t\t<a class=\"elementor-button elementor-button-link elementor-size-sm\" href=\"https:\/\/josemolinachef.com\/our-menu\/\">\n\t\t\t\t\t\t<span class=\"elementor-button-content-wrapper\">\n\t\t\t\t\t\t\t\t\t<span class=\"elementor-button-text\">Nuestro Men\u00fa<\/span>\n\t\t\t\t\t<\/span>\n\t\t\t\t\t<\/a>\n\t\t\t\t\t\t\t\t<\/div>\n\t\t\t\t<\/div>\n\t\t\t\t<\/div>\n\t\t\t\t<\/div>\n\t\t<div class=\"elementor-element elementor-element-c5ad3cc e-flex e-con-boxed sc_layouts_column_icons_position_left sc_gradient_animation_none jltma-glass-effect-no e-con e-parent\" data-id=\"c5ad3cc\" data-element_type=\"container\" data-e-type=\"container\" data-settings=\"{&quot;background_background&quot;:&quot;gradient&quot;}\">\n\t\t\t\t\t<div class=\"e-con-inner\">\n\t\t<div class=\"elementor-element elementor-element-f29c240 e-con-full e-flex sc_layouts_column_icons_position_left jltma-glass-effect-no e-con e-child\" data-id=\"f29c240\" data-element_type=\"container\" data-e-type=\"container\">\n\t\t\t\t<div class=\"elementor-element elementor-element-a700b94 trx-addons-info-box-left jltma-glass-effect-no sc_fly_static elementor-widget elementor-widget-trx_elm_info_box\" data-id=\"a700b94\" data-element_type=\"widget\" data-e-type=\"widget\" data-settings=\"{&quot;icon_position&quot;:&quot;left&quot;}\" data-widget_type=\"trx_elm_info_box.default\">\n\t\t\t\t<div class=\"elementor-widget-container\">\n\t\t\t\t\t\t\t<div class=\"trx-addons-info-box-container\"><div class=\"trx-addons-info-box\">\n\t\t\t\t\t\t\t\t\t<div class=\"trx-addons-info-box-icon-wrap trx-addons-info-box-icon-type-image\">\t\t<span class=\"trx-addons-info-box-icon trx-addons-icon\">\n\t\t\t<span class=\"trx-addons-info-box-icon-inner\">\n\t\t\t\t<img decoding=\"async\" width=\"150\" height=\"150\" src=\"https:\/\/josemolinachef.com\/wp-content\/uploads\/2026\/01\/JSOE-MOLINA-CHEFF-02-150x150.jpg\" class=\"attachment-thumbnail size-thumbnail wp-image-7304\" alt=\"\" srcset=\"https:\/\/josemolinachef.com\/wp-content\/uploads\/2026\/01\/JSOE-MOLINA-CHEFF-02-150x150.jpg 150w, https:\/\/josemolinachef.com\/wp-content\/uploads\/2026\/01\/JSOE-MOLINA-CHEFF-02-300x300.jpg 300w, https:\/\/josemolinachef.com\/wp-content\/uploads\/2026\/01\/JSOE-MOLINA-CHEFF-02-370x370.jpg 370w, https:\/\/josemolinachef.com\/wp-content\/uploads\/2026\/01\/JSOE-MOLINA-CHEFF-02-90x90.jpg 90w, https:\/\/josemolinachef.com\/wp-content\/uploads\/2026\/01\/JSOE-MOLINA-CHEFF-02-410x409.jpg 410w, https:\/\/josemolinachef.com\/wp-content\/uploads\/2026\/01\/JSOE-MOLINA-CHEFF-02.jpg 684w\" sizes=\"(max-width: 150px) 100vw, 150px\" \/>\t\t\t<\/span>\n\t\t<\/span>\n\t\t<\/div>\n\t\t\t\t\t\t\t\t<div class=\"trx-addons-info-box-content\">\n\t\t\t\t\t<div class=\"trx-addons-info-box-title-wrap\">\n\t\t\t\t\t\t\t\t\t\t\t\t\t<div class=\"trx-addons-info-box-title-container\">\n\t\t\t\t\t\t\t\t<h6 class=\"trx-addons-info-box-title\">Jos\u00e9 Antonio Molina<\/h6>\n\t\t\t\t\t\t\t<\/div>\n\t\t\t\t\t\t\t\t\t\t\t\t\t\t<p class=\"trx-addons-info-box-subtitle\">\n\t\t\t\t\t\t\t\tChef privado y profesor de cocina\t\t\t\t\t\t\t<\/p>\n\t\t\t\t\t\t\t\t\t\t\t\t<\/div>\n\n\t\t\t\t\t\n\t\t\t\t\t\t\t\t\t\t\t\t\t\t<\/div>\n\t\t\t<\/div>\n\t\t<\/div>\n\t\t\t\t\t\t<\/div>\n\t\t\t\t<\/div>\n\t\t\t\t<\/div>\n\t\t<div class=\"elementor-element elementor-element-a87f874 e-con-full e-flex sc_layouts_column_icons_position_left jltma-glass-effect-no e-con e-child\" data-id=\"a87f874\" data-element_type=\"container\" data-e-type=\"container\">\n\t\t\t\t<div data-animation-type=\"block\" class=\"elementor-element elementor-element-49a307d elementor-widget__width-initial jltma-glass-effect-no animation_type_block sc_fly_static elementor-invisible elementor-widget elementor-widget-heading\" data-id=\"49a307d\" data-element_type=\"widget\" data-e-type=\"widget\" data-settings=\"{&quot;_animation&quot;:&quot;ta_fadeinup&quot;,&quot;_animation_delay&quot;:100}\" data-widget_type=\"heading.default\">\n\t\t\t\t\t<h2 class=\"elementor-heading-title elementor-size-default\">Chef creativo. Profesor de cocina. Hablante de ingl\u00e9s, \u00a1\u00a1profesor de cocina!!<\/h2>\t\t\t\t<\/div>\n\t\t\t\t<\/div>\n\t\t\t\t\t<\/div>\n\t\t\t\t<\/div>\n\t\t<div class=\"elementor-element elementor-element-c8119ad e-flex e-con-boxed sc_layouts_column_icons_position_left jltma-glass-effect-no e-con e-parent\" data-id=\"c8119ad\" data-element_type=\"container\" data-e-type=\"container\" data-settings=\"{&quot;background_background&quot;:&quot;classic&quot;}\">\n\t\t\t\t\t<div class=\"e-con-inner\">\n\t\t<div class=\"elementor-element elementor-element-9fb220f e-grid e-con-full sc_layouts_column_icons_position_left jltma-glass-effect-no e-con e-child\" data-id=\"9fb220f\" data-element_type=\"container\" data-e-type=\"container\" data-settings=\"{&quot;background_background&quot;:&quot;classic&quot;}\">\n\t\t\t\t<div class=\"elementor-element elementor-element-b127f02 jltma-glass-effect-no sc_fly_static elementor-widget elementor-widget-text-editor\" data-id=\"b127f02\" data-element_type=\"widget\" data-e-type=\"widget\" data-widget_type=\"text-editor.default\">\n\t\t\t\t\t\t\t\t\t<p>De las cocinas profesionales a ense\u00f1ar a otros a cocinar con confianza y pasi\u00f3n.<\/p><p>Soy un chef profesional con m\u00e1s de 25 a\u00f1os de experiencia. He trabajado en muchos restaurantes diferentes, incluso en uno con dos estrellas Michel\u00edn, y actualmente trabajo como instructor de cocina (si se atreve, puedo explicarle t\u00e9cnicas culinarias). He vivido en Barcelona, Madrid, Londres, Australia, por lo que tengo un amplio conocimiento de la cocina internacional.<\/p>\t\t\t\t\t\t\t\t<\/div>\n\t\t\t\t<div class=\"elementor-element elementor-element-d421f08 jltma-glass-effect-no sc_fly_static elementor-widget elementor-widget-text-editor\" data-id=\"d421f08\" data-element_type=\"widget\" data-e-type=\"widget\" data-widget_type=\"text-editor.default\">\n\t\t\t\t\t\t\t\t\t<p>M\u00e1s sobre m\u00ed<br>Para m\u00ed, cocinar es&#8230;<br>La forma de mostrar mi creatividad.<br>Aprend\u00ed a cocinar en&#8230;<br>La escuela de hosteler\u00eda de Torremolinos. Escuela de cocina durante 3 a\u00f1os<br>Un secreto&#8230;<br>Cocinar para hacer felices a los dem\u00e1s.<\/p>\t\t\t\t\t\t\t\t<\/div>\n\t\t\t\t<\/div>\n\t\t\t\t\t<\/div>\n\t\t\t\t<\/div>\n\t\t<div class=\"elementor-element elementor-element-cff307f e-con-full e-flex sc_layouts_column_icons_position_left jltma-glass-effect-no e-con e-parent\" data-id=\"cff307f\" data-element_type=\"container\" data-e-type=\"container\" data-settings=\"{&quot;background_background&quot;:&quot;video&quot;,&quot;background_video_link&quot;:&quot;https:\\\/\\\/josemolinachef.com\\\/wp-content\\\/uploads\\\/2026\\\/01\\\/movie-home-3-1.mp4&quot;,&quot;background_play_on_mobile&quot;:&quot;yes&quot;}\">\n\t\t<div class=\"elementor-background-video-container\">\n\t\t\t\t\t\t\t<video class=\"elementor-background-video-hosted\" role=\"presentation\" autoplay muted playsinline loop><\/video>\n\t\t\t\t\t<\/div>\t\t<div data-animation-type=\"block\" class=\"elementor-element elementor-element-a6ed507 elementor-view-framed with-elementor-animation-float elementor-hidden-desktop elementor-hidden-tablet elementor-hidden-mobile sc_layouts_hide_on_wide sc_layouts_hide_on_desktop sc_layouts_hide_on_notebook sc_layouts_hide_on_tablet sc_layouts_hide_on_mobile elementor-shape-circle elementor-position-block-start jltma-glass-effect-no animation_type_block sc_fly_static elementor-invisible elementor-widget elementor-widget-icon-box\" data-id=\"a6ed507\" data-element_type=\"widget\" data-e-type=\"widget\" data-settings=\"{&quot;_animation&quot;:&quot;ta_popup&quot;}\" data-widget_type=\"icon-box.default\">\n\t\t\t\t\t\t\t<div class=\"elementor-icon-box-wrapper\">\n\n\t\t\t\t\t\t<div class=\"elementor-icon-box-icon\">\n\t\t\t\t<a href=\"#video_popup\" class=\"elementor-icon elementor-animation-float\" tabindex=\"-1\">\n\t\t\t\t<svg aria-hidden=\"true\" class=\"e-font-icon-svg e-fas-play\" viewBox=\"0 0 448 512\" xmlns=\"http:\/\/www.w3.org\/2000\/svg\"><path d=\"M424.4 214.7L72.4 6.6C43.8-10.3 0 6.1 0 47.9V464c0 37.5 40.7 60.1 72.4 41.3l352-208c31.4-18.5 31.5-64.1 0-82.6z\"><\/path><\/svg>\t\t\t\t<\/a>\n\t\t\t<\/div>\n\t\t\t\n\t\t\t\n\t\t<\/div>\n\t\t\t\t\t\t<\/div>\n\t\t\t\t<\/div>\n\t\t<div class=\"elementor-element elementor-element-a8a0f41 e-con-full e-flex sc_layouts_column_icons_position_left jltma-glass-effect-no e-con e-parent\" data-id=\"a8a0f41\" data-element_type=\"container\" data-e-type=\"container\">\n\t\t<div data-animation-type=\"block\" class=\"elementor-element elementor-element-b631e08 e-con-full e-flex sc_layouts_column_icons_position_left jltma-glass-effect-no animation_type_block elementor-invisible e-con e-child\" data-id=\"b631e08\" data-element_type=\"container\" data-e-type=\"container\" data-settings=\"{&quot;animation&quot;:&quot;ta_fadeinup&quot;}\">\n\t\t\t\t<div class=\"elementor-element elementor-element-a3f2fd1 elementor-grid-1 trx-addons-testimonials-rating-position-before elementor-grid-tablet-1 elementor-grid-mobile-1 trx-addons-testimonials__skin1 jltma-glass-effect-no sc_fly_static elementor-widget elementor-widget-trx_elm_testimonials\" data-id=\"a3f2fd1\" data-element_type=\"widget\" data-e-type=\"widget\" data-settings=\"{&quot;columns&quot;:&quot;1&quot;,&quot;columns_tablet&quot;:&quot;1&quot;,&quot;layout&quot;:&quot;grid&quot;,&quot;columns_mobile&quot;:1,&quot;skin&quot;:&quot;skin1&quot;}\" data-widget_type=\"trx_elm_testimonials.default\">\n\t\t\t\t<div class=\"elementor-widget-container\">\n\t\t\t\t\t\n\t\t<div class=\"trx-addons-testimonials-box multiple-testimonials\" data-layout=\"grid\">\n\t\t\t\n\t\t\t<div class=\"trx-addons-elementor-grid trx-addons-testimonials-grid\">\n\t\t\t\n\t\t\t\t<div class=\"trx-addons-testimonials-container trx-addons-grid-item-wrap\">\n\n\t\t\t\t\t\n\t\t\t\t\t<div class=\"trx-addons-testimonials-content-wrapper\">\n\n\t\t\t\t\t\t\n\t\t\t\t\t\t<h3 class=\"trx-addons-testimonials-text-wrapper\">\n\t\t\t\t\t\t\t<em>\u201cPara m\u00ed, cocinar es m\u00e1s que preparar comida. Se trata de crear experiencias, compartir momentos alrededor de la mesa y hacer que la gente se sienta c\u00f3moda, relajada y verdaderamente atendida.\u201d<\/em>\t\t\t\t\t\t<\/h3>\n\n\t\t\t\t\t\t\n\t\t\t\t\t\t\t\t\t\t\t\t\t<div class=\"trx-addons-testimonials__img-info\">\n\t\t\t\t\t\t\n\t\t\t\t\t\t\t\n\t\t\t\t\t\t\t<div class=\"trx-addons-testimonials-author-info\">\n\t\t\t\t\t\t\t\t<h6 class=\"trx-addons-testimonials-person-name\">\n\t\t\t\t\t\t\t\t\t<span >\n\t\t\t\t\t\t\t\t\t\tJos\u00e9 Antonio Molina\t\t\t\t\t\t\t\t\t<\/span>\n\t\t\t\t\t\t\t\t<\/h6>\n\n\t\t\t\t\t\t\t\t\t\t\t\t\t\t\t\t\t<p class=\"trx-addons-testimonials-company\">\n\t\t\t\t\t\t\t\t\t\t\t\t\t\t\t\t\t\t\t<span class=\"trx-addons-testimonials-company-link\" >\n\t\t\t\t\t\t\t\t\t\t\tChef privado y profesor de cocina\t\t\t\t\t\t\t\t\t\t<\/span>\n\t\t\t\t\t\t\t\t\t\t\t\t\t\t\t\t\t\t<\/p>\n\t\t\t\t\t\t\t\t\t\t\t\t\t\t\t<\/div>\n\n\t\t\t\t\t\t\t\t\t\t\t\t\t<\/div>\n\t\t\t\t\t\t\n\t\t\t\t\t<\/div>\n\n\t\t\t\t\t\n\t\t\t\t<\/div>\n\n\t\t\t\n\t\t\t\n\t\t\t<\/div>\n\n\t\t<\/div>\n\t\t\t\t\t\t<\/div>\n\t\t\t\t<\/div>\n\t\t\t\t<\/div>\n\t\t<div data-animation-type=\"block\" class=\"elementor-element elementor-element-1f2f0e2 e-con-full e-flex sc_layouts_column_icons_position_left jltma-glass-effect-no animation_type_block elementor-invisible e-con e-child\" data-id=\"1f2f0e2\" data-element_type=\"container\" data-e-type=\"container\" data-settings=\"{&quot;animation&quot;:&quot;ta_fadeinup&quot;,&quot;animation_delay&quot;:100}\">\n\t\t\t\t<div class=\"elementor-element elementor-element-2579012 jltma-glass-effect-no sc_fly_static elementor-widget elementor-widget-image\" data-id=\"2579012\" data-element_type=\"widget\" data-e-type=\"widget\" data-widget_type=\"image.default\">\n\t\t\t\t\t\t\t\t\t\t\t\t\t\t\t<img fetchpriority=\"high\" decoding=\"async\" width=\"1536\" height=\"1024\" src=\"https:\/\/josemolinachef.com\/wp-content\/uploads\/2026\/01\/ChatGPT-Image-31-ene-2026-00_15_13.png\" class=\"attachment-full size-full wp-image-8501\" alt=\"\" srcset=\"https:\/\/josemolinachef.com\/wp-content\/uploads\/2026\/01\/ChatGPT-Image-31-ene-2026-00_15_13.png 1536w, https:\/\/josemolinachef.com\/wp-content\/uploads\/2026\/01\/ChatGPT-Image-31-ene-2026-00_15_13-300x200.png 300w, https:\/\/josemolinachef.com\/wp-content\/uploads\/2026\/01\/ChatGPT-Image-31-ene-2026-00_15_13-1024x683.png 1024w, https:\/\/josemolinachef.com\/wp-content\/uploads\/2026\/01\/ChatGPT-Image-31-ene-2026-00_15_13-768x512.png 768w, https:\/\/josemolinachef.com\/wp-content\/uploads\/2026\/01\/ChatGPT-Image-31-ene-2026-00_15_13-370x247.png 370w, https:\/\/josemolinachef.com\/wp-content\/uploads\/2026\/01\/ChatGPT-Image-31-ene-2026-00_15_13-924x616.png 924w, https:\/\/josemolinachef.com\/wp-content\/uploads\/2026\/01\/ChatGPT-Image-31-ene-2026-00_15_13-410x273.png 410w\" sizes=\"(max-width: 1536px) 100vw, 1536px\" \/>\t\t\t\t\t\t\t\t\t\t\t\t\t\t\t<\/div>\n\t\t\t\t<\/div>\n\t\t\t\t<\/div>\n\t\t\t\t<\/div>\n\t\t","protected":false},"excerpt":{"rendered":"<p>La persona detr\u00e1s de la cocina Con\u00f3ceme Cocinar para hacer felices a los&hellip;<\/p>\n","protected":false},"author":5,"featured_media":0,"parent":0,"menu_order":0,"comment_status":"closed","ping_status":"closed","template":"","meta":{"footnotes":""},"class_list":["post-8513","page","type-page","status-publish","hentry"],"_links":{"self":[{"href":"https:\/\/josemolinachef.com\/es\/wp-json\/wp\/v2\/pages\/8513","targetHints":{"allow":["GET"]}}],"collection":[{"href":"https:\/\/josemolinachef.com\/es\/wp-json\/wp\/v2\/pages"}],"about":[{"href":"https:\/\/josemolinachef.com\/es\/wp-json\/wp\/v2\/types\/page"}],"author":[{"embeddable":true,"href":"https:\/\/josemolinachef.com\/es\/wp-json\/wp\/v2\/users\/5"}],"replies":[{"embeddable":true,"href":"https:\/\/josemolinachef.com\/es\/wp-json\/wp\/v2\/comments?post=8513"}],"version-history":[{"count":6,"href":"https:\/\/josemolinachef.com\/es\/wp-json\/wp\/v2\/pages\/8513\/revisions"}],"predecessor-version":[{"id":8599,"href":"https:\/\/josemolinachef.com\/es\/wp-json\/wp\/v2\/pages\/8513\/revisions\/8599"}],"wp:attachment":[{"href":"https:\/\/josemolinachef.com\/es\/wp-json\/wp\/v2\/media?parent=8513"}],"curies":[{"name":"wp","href":"https:\/\/api.w.org\/{rel}","templated":true}]}}