{"id":8441,"date":"2026-02-12T08:55:50","date_gmt":"2026-02-12T08:55:50","guid":{"rendered":"https:\/\/josemolinachef.com\/curso-de-cocina\/"},"modified":"2026-03-25T18:40:49","modified_gmt":"2026-03-25T18:40:49","slug":"curso-de-cocina","status":"publish","type":"page","link":"https:\/\/josemolinachef.com\/es\/curso-de-cocina\/","title":{"rendered":"Curso de cocina"},"content":{"rendered":"\t\t<div data-elementor-type=\"wp-page\" data-elementor-id=\"8441\" class=\"elementor elementor-8441 elementor-8141\" data-elementor-post-type=\"page\">\n\t\t\t\t<div class=\"elementor-element elementor-element-1ab54f6 e-con-full e-flex sc_layouts_column_icons_position_left jltma-glass-effect-no e-con e-parent\" data-id=\"1ab54f6\" data-element_type=\"container\" data-e-type=\"container\" id=\"cookking-course\" data-settings=\"{&quot;background_background&quot;:&quot;classic&quot;}\">\n\t\t<div class=\"elementor-element elementor-element-ca5ba35 e-flex e-con-boxed sc_layouts_column_icons_position_left jltma-glass-effect-no e-con e-child\" data-id=\"ca5ba35\" data-element_type=\"container\" data-e-type=\"container\">\n\t\t\t\t\t<div class=\"e-con-inner\">\n\t\t\t\t<div data-animation-type=\"block\" class=\"elementor-element elementor-element-3958cd8 jltma-glass-effect-no animation_type_block sc_fly_static elementor-invisible elementor-widget elementor-widget-heading\" data-id=\"3958cd8\" data-element_type=\"widget\" data-e-type=\"widget\" data-settings=\"{&quot;_animation&quot;:&quot;ta_fadeinup&quot;}\" data-widget_type=\"heading.default\">\n\t\t\t\t\t<h3 class=\"elementor-heading-title elementor-size-default\">Experiencias culinarias inspiradoras<\/h3>\t\t\t\t<\/div>\n\t\t\t\t<div data-animation-type=\"char\" data-animation-stagger=\"10\" class=\"elementor-element elementor-element-95c6340 elementor-widget__width-initial animation_type_char jltma-glass-effect-no sc_fly_static elementor-invisible elementor-widget elementor-widget-heading\" data-id=\"95c6340\" data-element_type=\"widget\" data-e-type=\"widget\" data-settings=\"{&quot;_animation&quot;:&quot;ta_fadeinup&quot;,&quot;_animation_delay&quot;:100}\" data-widget_type=\"heading.default\">\n\t\t\t\t\t<h1 class=\"elementor-heading-title elementor-size-default\">Curso de cocina<\/h1>\t\t\t\t<\/div>\n\t\t\t\t<div class=\"elementor-element elementor-element-c37a91f elementor-widget__width-initial jltma-glass-effect-no sc_fly_static elementor-widget elementor-widget-heading\" data-id=\"c37a91f\" data-element_type=\"widget\" data-e-type=\"widget\" data-widget_type=\"heading.default\">\n\t\t\t\t\t<h2 class=\"elementor-heading-title elementor-size-default\">Aprenda, cocine y disfrute de la experiencia<\/h2>\t\t\t\t<\/div>\n\t\t\t\t<div data-animation-type=\"block\" class=\"elementor-element elementor-element-4a1b058 elementor-widget__width-initial jltma-glass-effect-no animation_type_block sc_fly_static elementor-invisible elementor-widget elementor-widget-text-editor\" data-id=\"4a1b058\" data-element_type=\"widget\" data-e-type=\"widget\" data-settings=\"{&quot;_animation&quot;:&quot;ta_fadeinup&quot;,&quot;_animation_delay&quot;:100}\" data-widget_type=\"text-editor.default\">\n\t\t\t\t\t\t\t\t\t<p data-start=\"269\" data-end=\"438\">Ofrezco cursos de cocina pr\u00e1cticos dise\u00f1ados para todos los niveles, donde la t\u00e9cnica, el sabor y la creatividad se unen en un entorno relajado e inspirador.<\/p>\t\t\t\t\t\t\t\t<\/div>\n\t\t\t\t<div data-animation-type=\"block\" class=\"elementor-element elementor-element-bdc9726 jltma-glass-effect-no animation_type_block sc_fly_static elementor-invisible elementor-widget elementor-widget-button\" data-id=\"bdc9726\" data-element_type=\"widget\" data-e-type=\"widget\" data-settings=\"{&quot;_animation&quot;:&quot;ta_fadeinup&quot;,&quot;_animation_delay&quot;:300}\" data-widget_type=\"button.default\">\n\t\t\t\t\t\t\t\t\t\t<a class=\"elementor-button elementor-button-link elementor-size-sm\" href=\"https:\/\/josemolinachef.com\/es\/contacta-con-nosotros\/\">\n\t\t\t\t\t\t<span class=\"elementor-button-content-wrapper\">\n\t\t\t\t\t\t\t\t\t<span class=\"elementor-button-text\">Contacta con nosotros<\/span>\n\t\t\t\t\t<\/span>\n\t\t\t\t\t<\/a>\n\t\t\t\t\t\t\t\t<\/div>\n\t\t\t\t\t<\/div>\n\t\t\t\t<\/div>\n\t\t<div class=\"elementor-element elementor-element-2813ea9 e-con-full e-grid sc_layouts_column_icons_position_left jltma-glass-effect-no e-con e-child\" data-id=\"2813ea9\" data-element_type=\"container\" data-e-type=\"container\">\n\t\t\t\t<div data-animation-type=\"block\" class=\"elementor-element elementor-element-faffc81 jltma-glass-effect-no animation_type_block sc_fly_static elementor-invisible elementor-widget elementor-widget-image\" data-id=\"faffc81\" data-element_type=\"widget\" data-e-type=\"widget\" data-settings=\"{&quot;_animation&quot;:&quot;ta_fadeinup&quot;}\" data-widget_type=\"image.default\">\n\t\t\t\t\t\t\t\t\t\t\t\t\t\t\t<img fetchpriority=\"high\" decoding=\"async\" width=\"637\" height=\"826\" src=\"https:\/\/josemolinachef.com\/wp-content\/uploads\/2026\/01\/JSOE-MOLINA-CHEFF455-26.jpg\" class=\"attachment-full size-full wp-image-8436\" alt=\"\" srcset=\"https:\/\/josemolinachef.com\/wp-content\/uploads\/2026\/01\/JSOE-MOLINA-CHEFF455-26.jpg 637w, https:\/\/josemolinachef.com\/wp-content\/uploads\/2026\/01\/JSOE-MOLINA-CHEFF455-26-231x300.jpg 231w, https:\/\/josemolinachef.com\/wp-content\/uploads\/2026\/01\/JSOE-MOLINA-CHEFF455-26-370x480.jpg 370w, https:\/\/josemolinachef.com\/wp-content\/uploads\/2026\/01\/JSOE-MOLINA-CHEFF455-26-410x532.jpg 410w\" sizes=\"(max-width: 767px) 100vw, 637px\" \/>\t\t\t\t\t\t\t\t\t\t\t\t\t\t\t<\/div>\n\t\t\t\t<div data-animation-type=\"block\" class=\"elementor-element elementor-element-f7648b8 jltma-glass-effect-no animation_type_block sc_fly_static elementor-invisible elementor-widget elementor-widget-image\" data-id=\"f7648b8\" data-element_type=\"widget\" data-e-type=\"widget\" data-settings=\"{&quot;_animation&quot;:&quot;ta_fadeinup&quot;,&quot;_animation_delay&quot;:100}\" data-widget_type=\"image.default\">\n\t\t\t\t\t\t\t\t\t\t\t\t\t\t\t<img decoding=\"async\" width=\"637\" height=\"826\" src=\"https:\/\/josemolinachef.com\/wp-content\/uploads\/2026\/01\/JSOE-MOLINA-CHEFF45-26.jpg\" class=\"attachment-full size-full wp-image-8437\" alt=\"\" srcset=\"https:\/\/josemolinachef.com\/wp-content\/uploads\/2026\/01\/JSOE-MOLINA-CHEFF45-26.jpg 637w, https:\/\/josemolinachef.com\/wp-content\/uploads\/2026\/01\/JSOE-MOLINA-CHEFF45-26-231x300.jpg 231w, https:\/\/josemolinachef.com\/wp-content\/uploads\/2026\/01\/JSOE-MOLINA-CHEFF45-26-370x480.jpg 370w, https:\/\/josemolinachef.com\/wp-content\/uploads\/2026\/01\/JSOE-MOLINA-CHEFF45-26-410x532.jpg 410w\" sizes=\"(max-width: 767px) 100vw, 637px\" \/>\t\t\t\t\t\t\t\t\t\t\t\t\t\t\t<\/div>\n\t\t\t\t<div data-animation-type=\"block\" class=\"elementor-element elementor-element-e0c45a3 jltma-glass-effect-no animation_type_block sc_fly_static elementor-invisible elementor-widget elementor-widget-image\" data-id=\"e0c45a3\" data-element_type=\"widget\" data-e-type=\"widget\" data-settings=\"{&quot;_animation&quot;:&quot;ta_fadeinup&quot;,&quot;_animation_delay&quot;:200}\" data-widget_type=\"image.default\">\n\t\t\t\t\t\t\t\t\t\t\t\t\t\t\t<img decoding=\"async\" width=\"637\" height=\"826\" src=\"https:\/\/josemolinachef.com\/wp-content\/uploads\/2026\/01\/JSOE-MOLINA-CHEFF26-26.jpg\" class=\"attachment-full size-full wp-image-8438\" alt=\"\" srcset=\"https:\/\/josemolinachef.com\/wp-content\/uploads\/2026\/01\/JSOE-MOLINA-CHEFF26-26.jpg 637w, https:\/\/josemolinachef.com\/wp-content\/uploads\/2026\/01\/JSOE-MOLINA-CHEFF26-26-231x300.jpg 231w, https:\/\/josemolinachef.com\/wp-content\/uploads\/2026\/01\/JSOE-MOLINA-CHEFF26-26-370x480.jpg 370w, https:\/\/josemolinachef.com\/wp-content\/uploads\/2026\/01\/JSOE-MOLINA-CHEFF26-26-410x532.jpg 410w\" sizes=\"(max-width: 767px) 100vw, 637px\" \/>\t\t\t\t\t\t\t\t\t\t\t\t\t\t\t<\/div>\n\t\t\t\t<div data-animation-type=\"block\" class=\"elementor-element elementor-element-eaa9ddf jltma-glass-effect-no animation_type_block sc_fly_static elementor-invisible elementor-widget elementor-widget-image\" data-id=\"eaa9ddf\" data-element_type=\"widget\" data-e-type=\"widget\" data-settings=\"{&quot;_animation&quot;:&quot;ta_fadeinup&quot;,&quot;_animation_delay&quot;:300}\" data-widget_type=\"image.default\">\n\t\t\t\t\t\t\t\t\t\t\t\t\t\t\t<img loading=\"lazy\" decoding=\"async\" width=\"637\" height=\"826\" src=\"https:\/\/josemolinachef.com\/wp-content\/uploads\/2026\/01\/466-26.jpg\" class=\"attachment-full size-full wp-image-8439\" alt=\"\" srcset=\"https:\/\/josemolinachef.com\/wp-content\/uploads\/2026\/01\/466-26.jpg 637w, https:\/\/josemolinachef.com\/wp-content\/uploads\/2026\/01\/466-26-231x300.jpg 231w, https:\/\/josemolinachef.com\/wp-content\/uploads\/2026\/01\/466-26-370x480.jpg 370w, https:\/\/josemolinachef.com\/wp-content\/uploads\/2026\/01\/466-26-410x532.jpg 410w\" sizes=\"(max-width: 767px) 100vw, 637px\" \/>\t\t\t\t\t\t\t\t\t\t\t\t\t\t\t<\/div>\n\t\t\t\t<\/div>\n\t\t\t\t<\/div>\n\t\t<div class=\"elementor-element elementor-element-23f393f e-flex e-con-boxed sc_layouts_column_icons_position_left jltma-glass-effect-no e-con e-parent\" data-id=\"23f393f\" data-element_type=\"container\" data-e-type=\"container\">\n\t\t\t\t\t<div class=\"e-con-inner\">\n\t\t\t\t<div data-animation-type=\"block\" class=\"elementor-element elementor-element-6a29f55 jltma-glass-effect-no animation_type_block sc_fly_static elementor-invisible elementor-widget elementor-widget-heading\" data-id=\"6a29f55\" data-element_type=\"widget\" data-e-type=\"widget\" data-settings=\"{&quot;_animation&quot;:&quot;ta_fadeinup&quot;}\" data-widget_type=\"heading.default\">\n\t\t\t\t\t<h6 class=\"elementor-heading-title elementor-size-default\">Aprenda, cocine y disfrute de cada paso del proceso<\/h6>\t\t\t\t<\/div>\n\t\t\t\t<div data-animation-type=\"block\" class=\"elementor-element elementor-element-accdd92 elementor-widget__width-initial jltma-glass-effect-no animation_type_block sc_fly_static elementor-invisible elementor-widget elementor-widget-heading\" data-id=\"accdd92\" data-element_type=\"widget\" data-e-type=\"widget\" data-settings=\"{&quot;_animation&quot;:&quot;ta_fadeinup&quot;,&quot;_animation_delay&quot;:100}\" data-widget_type=\"heading.default\">\n\t\t\t\t\t<h2 class=\"elementor-heading-title elementor-size-default\">Experiencias culinarias pr\u00e1cticas<\/h2>\t\t\t\t<\/div>\n\t\t\t\t\t<\/div>\n\t\t\t\t<\/div>\n\t\t<div class=\"elementor-element elementor-element-947c336 e-flex e-con-boxed sc_layouts_column_icons_position_left jltma-glass-effect-no e-con e-parent\" data-id=\"947c336\" data-element_type=\"container\" data-e-type=\"container\">\n\t\t\t\t\t<div class=\"e-con-inner\">\n\t\t<div class=\"elementor-element elementor-element-270feb5 e-con-full e-flex sc_layouts_column_icons_position_left jltma-glass-effect-no e-con e-child\" data-id=\"270feb5\" data-element_type=\"container\" data-e-type=\"container\">\n\t\t\t\t<div class=\"elementor-element elementor-element-92cb97f jltma-glass-effect-no sc_fly_static elementor-widget elementor-widget-video\" data-id=\"92cb97f\" data-element_type=\"widget\" data-e-type=\"widget\" data-settings=\"{&quot;video_type&quot;:&quot;hosted&quot;,&quot;autoplay&quot;:&quot;yes&quot;,&quot;mute&quot;:&quot;yes&quot;,&quot;loop&quot;:&quot;yes&quot;,&quot;controls&quot;:&quot;yes&quot;}\" data-widget_type=\"video.default\">\n\t\t\t\t\t\t\t<div class=\"e-hosted-video elementor-wrapper elementor-open-inline\">\n\t\t\t\t\t<video class=\"elementor-video\" src=\"https:\/\/josemolinachef.com\/wp-content\/uploads\/2026\/01\/CURSO-2.mp4\" autoplay=\"\" loop=\"\" controls=\"\" muted=\"muted\" controlsList=\"nodownload\"><\/video>\n\t\t\t\t<\/div>\n\t\t\t\t\t\t<\/div>\n\t\t\t\t<div class=\"elementor-element elementor-element-c023889 jltma-glass-effect-no sc_fly_static elementor-widget elementor-widget-video\" data-id=\"c023889\" data-element_type=\"widget\" data-e-type=\"widget\" data-settings=\"{&quot;video_type&quot;:&quot;hosted&quot;,&quot;autoplay&quot;:&quot;yes&quot;,&quot;loop&quot;:&quot;yes&quot;,&quot;mute&quot;:&quot;yes&quot;,&quot;controls&quot;:&quot;yes&quot;}\" data-widget_type=\"video.default\">\n\t\t\t\t\t\t\t<div class=\"e-hosted-video elementor-wrapper elementor-open-inline\">\n\t\t\t\t\t<video class=\"elementor-video\" src=\"https:\/\/josemolinachef.com\/wp-content\/uploads\/2026\/01\/CURSO-1.mp4\" autoplay=\"\" loop=\"\" controls=\"\" muted=\"muted\" controlsList=\"nodownload\"><\/video>\n\t\t\t\t<\/div>\n\t\t\t\t\t\t<\/div>\n\t\t\t\t<\/div>\n\t\t<div class=\"elementor-element elementor-element-90b9fb3 e-con-full e-flex sc_layouts_column_icons_position_left jltma-glass-effect-no e-con e-child\" data-id=\"90b9fb3\" data-element_type=\"container\" data-e-type=\"container\">\n\t\t\t\t<div data-animation-type=\"block\" class=\"elementor-element elementor-element-f732556 jltma-glass-effect-no animation_type_block sc_fly_static elementor-invisible elementor-widget elementor-widget-heading\" data-id=\"f732556\" data-element_type=\"widget\" data-e-type=\"widget\" data-settings=\"{&quot;_animation&quot;:&quot;ta_fadeinup&quot;,&quot;_animation_delay&quot;:100}\" data-widget_type=\"heading.default\">\n\t\t\t\t\t<h2 class=\"elementor-heading-title elementor-size-default\">Del sart\u00e9n a la mesa<\/h2>\t\t\t\t<\/div>\n\t\t\t\t<div data-animation-type=\"block\" class=\"elementor-element elementor-element-4540a83 elementor-widget__width-initial jltma-glass-effect-no animation_type_block sc_fly_static elementor-invisible elementor-widget elementor-widget-text-editor\" data-id=\"4540a83\" data-element_type=\"widget\" data-e-type=\"widget\" data-settings=\"{&quot;_animation&quot;:&quot;ta_fadeinup&quot;,&quot;_animation_delay&quot;:100}\" data-widget_type=\"text-editor.default\">\n\t\t\t\t\t\t\t\t\t<p>En mis 13 a\u00f1os como formador de chefs profesionales, he adquirido una gran experiencia pr\u00e1ctica. \u00bfLe gustar\u00eda aprender conmigo y deleitar a sus seres queridos con lo que cocinemos juntos?<\/p><p>Si se considera un apasionado de la cocina, \u00a1le encantar\u00e1 esta opci\u00f3n! Le aseguro que viviremos una experiencia inolvidable. <\/p>\t\t\t\t\t\t\t\t<\/div>\n\t\t\t\t<\/div>\n\t\t\t\t\t<\/div>\n\t\t\t\t<\/div>\n\t\t\t\t<\/div>\n\t\t","protected":false},"excerpt":{"rendered":"<p>Experiencias culinarias inspiradoras Curso de cocina Aprenda, cocine y disfrute de la experiencia&hellip;<\/p>\n","protected":false},"author":5,"featured_media":0,"parent":0,"menu_order":0,"comment_status":"closed","ping_status":"closed","template":"","meta":{"footnotes":""},"class_list":["post-8441","page","type-page","status-publish","hentry"],"_links":{"self":[{"href":"https:\/\/josemolinachef.com\/es\/wp-json\/wp\/v2\/pages\/8441","targetHints":{"allow":["GET"]}}],"collection":[{"href":"https:\/\/josemolinachef.com\/es\/wp-json\/wp\/v2\/pages"}],"about":[{"href":"https:\/\/josemolinachef.com\/es\/wp-json\/wp\/v2\/types\/page"}],"author":[{"embeddable":true,"href":"https:\/\/josemolinachef.com\/es\/wp-json\/wp\/v2\/users\/5"}],"replies":[{"embeddable":true,"href":"https:\/\/josemolinachef.com\/es\/wp-json\/wp\/v2\/comments?post=8441"}],"version-history":[{"count":6,"href":"https:\/\/josemolinachef.com\/es\/wp-json\/wp\/v2\/pages\/8441\/revisions"}],"predecessor-version":[{"id":8556,"href":"https:\/\/josemolinachef.com\/es\/wp-json\/wp\/v2\/pages\/8441\/revisions\/8556"}],"wp:attachment":[{"href":"https:\/\/josemolinachef.com\/es\/wp-json\/wp\/v2\/media?parent=8441"}],"curies":[{"name":"wp","href":"https:\/\/api.w.org\/{rel}","templated":true}]}}